{"id":2046,"date":"2024-03-22T11:21:11","date_gmt":"2024-03-22T15:21:11","guid":{"rendered":"https:\/\/www.sosgrossesse.ca\/about-us\/the-70s-a-clear-vision-of-the-needs-to-be-met\/"},"modified":"2025-04-08T15:26:33","modified_gmt":"2025-04-08T19:26:33","slug":"the-70s-a-clear-vision-of-the-needs-to-be-met","status":"publish","type":"page","link":"https:\/\/www.sosgrossesse.ca\/en\/about-us\/the-70s-a-clear-vision-of-the-needs-to-be-met\/","title":{"rendered":"The 70s &#8211; A clear vision of the needs to be met"},"content":{"rendered":"\n<div class=\"wp-block-columns col-direction-mobile is-layout-flex wp-container-core-columns-is-layout-9d6595d7 wp-block-columns-is-layout-flex\">\n<div class=\"wp-block-column col-direction-mobile-order-2 is-layout-flow wp-block-column-is-layout-flow\" style=\"flex-basis:66.66%\">\n<p>S.O.S. Grossesse was founded in 1974 by women in the community who wanted to make up for the lack of services for women experiencing a pregnancy, whether planned or unplanned. In March 1974, thirty-six women and one man were recruited from an intensive training course. Fourteen people start listening on the following June 25.  <\/p>\n\n\n\n<p>For the first six months of its existence, the service operated with no money, in premises made available by Centraide, with the services of a part-time manager on loan from Actions 24, and with a telephone line paid for by an anonymous donor. The service runs for four hours a day, five days a week. From the outset, the emphasis is on the anonymity of callers and the sense of self-sacrifice on the part of volunteers.<\/p>\n\n\n\n<p>To meet needs in subsequent years, we decided to offer callers the opportunity to meet with a counsellor to deepen their reflection, while maintaining confidentiality. This principle of confidentiality, along with the improvement of our services and the working conditions of our volunteers, was the focus of all our concerns and actions at the time.<\/p>\n\n\n\n<hr class=\"wp-block-separator has-alpha-channel-opacity hr--wave\"\/>\n\n\n\n<h2 class=\"wp-block-heading h3 purple margin-top-30\">The 80s &#8211; A constant evolution<\/h2>\n\n\n\n<p>In 1987, listening at home became possible for volunteers. Already, after just a few months of operation, the new service has produced the following results: better telephone service, fewer lost calls, greater volunteer involvement in terms of listening hours and commitments met.<\/p>\n\n\n\n<p>Over the years, a number of complementary services have been modified. In addition, you can meet with a social worker and take a free pregnancy test. An accompaniment service for pregnant women was then available, but was later withdrawn to focus more on our primary mission.<\/p>\n\n\n\n<hr class=\"wp-block-separator has-alpha-channel-opacity hr--wave\"\/>\n\n\n\n<h2 class=\"wp-block-heading h3 purple margin-top-30\">The 90s &#8211; More and more prevention and promotion<\/h2>\n\n\n\n<p>In the 90s, the managers were managing a fast-growing department. Sexuality and contraception, particularly among young people, are becoming major concerns for S.O.S Grossesse. This task has become self-evident, as callers are increasingly younger and the pregnancy rate in the region has not decreased over the years.<\/p>\n\n\n\n<p>Prevention and promotion are at the heart of the organization&#8217;s actions, helping to raise its profile. S.O.S. Grossesse advocates better information and positive sexuality. The organization is increasingly working upstream on the issue of unplanned pregnancy, in concert with various community partners.<\/p>\n\n\n\n<hr class=\"wp-block-separator has-alpha-channel-opacity hr--wave\"\/>\n\n\n\n<h2 class=\"wp-block-heading h3 purple margin-top-30\">The 2000s &#8211; Broadening horizons<\/h2>\n\n\n\n<p>With the new millennium, S.O.S. Grossesse has reached a level of maturity that enables it to broaden its vision and scope of action.<\/p>\n\n\n\n<p>S.O.S. Grossesse and MIELS-Qu\u00e9bec create the Action-condoms committee (Condom Qu\u00e9bec). They are teaming up with the R\u00e9gional des maisons de jeunes de Qu\u00e9bec to offer better access to condoms and promotion\/prevention activities in Quebec City-area youth centers. The aim of this committee is to prevent unplanned pregnancies and sexually transmitted and blood-borne infections (STBBIs) among young people aged 12 to 17.<\/p>\n\n\n\n<p>In addition, a perinatal bereavement support project, in partnership with the Les Accompagnantes collective, has been added to the organization&#8217;s activities. This service has two complementary components:<\/p>\n\n\n\n<ul class=\"wp-block-list\">\n<li>The &#8220;Les Pers\u00e9ides&#8221; support group, which meets once a month, run by the Les Accompagnantes collective, in collaboration with S.O.S. Grossesse;<\/li>\n\n\n\n<li>Individual and couple intervention, offered by S.O.S. Grossesse.<\/li>\n<\/ul>\n\n\n\n<hr class=\"wp-block-separator has-alpha-channel-opacity hr--wave\"\/>\n\n\n\n<h2 class=\"wp-block-heading h3 purple margin-top-30\"><strong>2010 to 2020: Innovation, prevention and commitment: A decade of transformations serving the community<\/strong><\/h2>\n\n\n\n<p>The 2010s marked a major turning point for S.O.S. Grossesse. The organization is adapting to an ever-changing world, focusing on digital technology and strengthening its commitment to reproductive rights.<\/p>\n\n\n\n<ul class=\"wp-block-list\">\n<li><strong>Digital transformation<\/strong>: The introduction of new technological tools, such as a modernized telephone system and increased presence on social networks, has improved communication and broadened access to services. The chat intervention service has also been introduced!<\/li>\n\n\n\n<li><strong>Development of the prevention axis: <\/strong>a dedicated position has been created for a specialist to focus exclusively on prevention in schools. This includes a project targeting 18-25 year-olds.<\/li>\n\n\n\n<li><strong>Enhancing the value of volunteering<\/strong>: Volunteering remains at the heart of S.O.S. Grossesse&#8217;s work. New initiatives have been put in place to recognize and support the commitment of volunteers, such as ongoing training, social activities and increased representation within the organization. A volunteer manager position has also been created to provide support to volunteers.<\/li>\n<\/ul>\n<\/div>\n\n\n\n<div class=\"wp-block-column col-direction-mobile-order-1 is-layout-flow wp-block-column-is-layout-flow\" style=\"flex-basis:33.33%\"><nav class=\"is-responsive wp-block-navigation is-layout-flex wp-block-navigation-is-layout-flex\" aria-label=\"Navigation 2\" \n\t\t data-wp-interactive=\"core\/navigation\" data-wp-context='{\"overlayOpenedBy\":{\"click\":false,\"hover\":false,\"focus\":false},\"type\":\"overlay\",\"roleAttribute\":\"\",\"ariaLabel\":\"Menu\"}'><button aria-haspopup=\"dialog\" aria-label=\"Open menu\" class=\"wp-block-navigation__responsive-container-open\" \n\t\t\t\tdata-wp-on-async--click=\"actions.openMenuOnClick\"\n\t\t\t\tdata-wp-on--keydown=\"actions.handleMenuKeydown\"\n\t\t\t><svg width=\"24\" height=\"24\" xmlns=\"http:\/\/www.w3.org\/2000\/svg\" viewBox=\"0 0 24 24\" aria-hidden=\"true\" focusable=\"false\"><rect x=\"4\" y=\"7.5\" width=\"16\" height=\"1.5\" \/><rect x=\"4\" y=\"15\" width=\"16\" height=\"1.5\" \/><\/svg><\/button>\n\t\t\t\t<div class=\"wp-block-navigation__responsive-container\"  id=\"modal-1\" \n\t\t\t\tdata-wp-class--has-modal-open=\"state.isMenuOpen\"\n\t\t\t\tdata-wp-class--is-menu-open=\"state.isMenuOpen\"\n\t\t\t\tdata-wp-watch=\"callbacks.initMenu\"\n\t\t\t\tdata-wp-on--keydown=\"actions.handleMenuKeydown\"\n\t\t\t\tdata-wp-on-async--focusout=\"actions.handleMenuFocusout\"\n\t\t\t\ttabindex=\"-1\"\n\t\t\t>\n\t\t\t\t\t<div class=\"wp-block-navigation__responsive-close\" tabindex=\"-1\">\n\t\t\t\t\t\t<div class=\"wp-block-navigation__responsive-dialog\" \n\t\t\t\tdata-wp-bind--aria-modal=\"state.ariaModal\"\n\t\t\t\tdata-wp-bind--aria-label=\"state.ariaLabel\"\n\t\t\t\tdata-wp-bind--role=\"state.roleAttribute\"\n\t\t\t>\n\t\t\t\t\t\t\t<button aria-label=\"Close menu\" class=\"wp-block-navigation__responsive-container-close\" \n\t\t\t\tdata-wp-on-async--click=\"actions.closeMenuOnClick\"\n\t\t\t><svg xmlns=\"http:\/\/www.w3.org\/2000\/svg\" viewBox=\"0 0 24 24\" width=\"24\" height=\"24\" aria-hidden=\"true\" focusable=\"false\"><path d=\"m13.06 12 6.47-6.47-1.06-1.06L12 10.94 5.53 4.47 4.47 5.53 10.94 12l-6.47 6.47 1.06 1.06L12 13.06l6.47 6.47 1.06-1.06L13.06 12Z\"><\/path><\/svg><\/button>\n\t\t\t\t\t\t\t<div class=\"wp-block-navigation__responsive-container-content\" \n\t\t\t\tdata-wp-watch=\"callbacks.focusFirstElement\"\n\t\t\t id=\"modal-1-content\">\n\t\t\t\t\t\t\t\t<ul class=\"wp-block-navigation__container is-responsive wp-block-navigation\"><li class=\" wp-block-navigation-item no-link wp-block-navigation-link\"><a class=\"wp-block-navigation-item__content\"  href=\"#\"><span class=\"wp-block-navigation-item__label\">About us<\/span><\/a><\/li><li class=\" wp-block-navigation-item wp-block-navigation-link\"><a class=\"wp-block-navigation-item__content\"  href=\"https:\/\/www.sosgrossesse.ca\/en\/about-us\/mission-and-values\/\"><span class=\"wp-block-navigation-item__label\">Mission and values<\/span><\/a><\/li><li class=\" wp-block-navigation-item wp-block-navigation-link\"><a class=\"wp-block-navigation-item__content\"  href=\"https:\/\/www.sosgrossesse.ca\/en\/about-us\/the-70s-a-clear-vision-of-the-needs-to-be-met\/\"><span class=\"wp-block-navigation-item__label\">History<\/span><\/a><\/li><li class=\" wp-block-navigation-item wp-block-navigation-link\"><a class=\"wp-block-navigation-item__content\"  href=\"https:\/\/www.sosgrossesse.ca\/en\/about-us\/s-o-s-pregnancy-team\/\"><span class=\"wp-block-navigation-item__label\">S.O.S Pregnancy team<\/span><\/a><\/li><li class=\" wp-block-navigation-item wp-block-navigation-link\"><a class=\"wp-block-navigation-item__content\"  href=\"https:\/\/www.sosgrossesse.ca\/en\/about-us\/services\/\"><span class=\"wp-block-navigation-item__label\">Services<\/span><\/a><\/li><li class=\" wp-block-navigation-item wp-block-navigation-link\"><a class=\"wp-block-navigation-item__content\"  href=\"https:\/\/www.sosgrossesse.ca\/en\/about-us\/financial-support\/\"><span class=\"wp-block-navigation-item__label\">Financial support<\/span><\/a><\/li><li class=\" wp-block-navigation-item wp-block-navigation-link\"><a class=\"wp-block-navigation-item__content\"  href=\"https:\/\/www.sosgrossesse.ca\/en\/about-us\/media-releases\/\"><span class=\"wp-block-navigation-item__label\">Media releases<\/span><\/a><\/li><\/ul>\n\t\t\t\t\t\t\t<\/div>\n\t\t\t\t\t\t<\/div>\n\t\t\t\t\t<\/div>\n\t\t\t\t<\/div><\/nav><\/div>\n<\/div>\n\n<p><\/p>\n","protected":false},"excerpt":{"rendered":"<p>S.O.S. Grossesse was founded in 1974 by women in the community who wanted to make up for the lack of services for women experiencing a pregnancy, whether planned or unplanned. In March 1974, thirty-six women and one man were recruited from an intensive training course. Fourteen people start listening on the following June 25. For [&hellip;]<\/p>\n","protected":false},"author":1,"featured_media":0,"parent":2041,"menu_order":0,"comment_status":"closed","ping_status":"closed","template":"page-generic.php","meta":{"_acf_changed":false,"inline_featured_image":false,"footnotes":""},"class_list":["post-2046","page","type-page","status-publish","hentry"],"acf":[],"featured_image_src":null,"yoast_head":"<!-- This site is optimized with the Yoast SEO plugin v27.4 - https:\/\/yoast.com\/product\/yoast-seo-wordpress\/ -->\n<title>The 70s - A clear vision of the needs to be met - S.O.S. Grossesse Qu\u00e9bec<\/title>\n<meta name=\"robots\" content=\"index, follow, max-snippet:-1, max-image-preview:large, max-video-preview:-1\" \/>\n<link rel=\"canonical\" href=\"https:\/\/www.sosgrossesse.ca\/en\/about-us\/the-70s-a-clear-vision-of-the-needs-to-be-met\/\" \/>\n<meta property=\"og:locale\" content=\"en_US\" \/>\n<meta property=\"og:type\" content=\"article\" \/>\n<meta property=\"og:title\" content=\"The 70s - A clear vision of the needs to be met - S.O.S. Grossesse Qu\u00e9bec\" \/>\n<meta property=\"og:description\" content=\"S.O.S. Grossesse was founded in 1974 by women in the community who wanted to make up for the lack of services for women experiencing a pregnancy, whether planned or unplanned. In March 1974, thirty-six women and one man were recruited from an intensive training course. Fourteen people start listening on the following June 25. For [&hellip;]\" \/>\n<meta property=\"og:url\" content=\"https:\/\/www.sosgrossesse.ca\/en\/about-us\/the-70s-a-clear-vision-of-the-needs-to-be-met\/\" \/>\n<meta property=\"og:site_name\" content=\"S.O.S. Grossesse Qu\u00e9bec\" \/>\n<meta property=\"article:modified_time\" content=\"2025-04-08T19:26:33+00:00\" \/>\n<meta name=\"twitter:card\" content=\"summary_large_image\" \/>\n<meta name=\"twitter:label1\" content=\"Est. reading time\" \/>\n\t<meta name=\"twitter:data1\" content=\"3 minutes\" \/>\n<script type=\"application\/ld+json\" class=\"yoast-schema-graph\">{\"@context\":\"https:\\\/\\\/schema.org\",\"@graph\":[{\"@type\":\"WebPage\",\"@id\":\"https:\\\/\\\/www.sosgrossesse.ca\\\/en\\\/about-us\\\/the-70s-a-clear-vision-of-the-needs-to-be-met\\\/\",\"url\":\"https:\\\/\\\/www.sosgrossesse.ca\\\/en\\\/about-us\\\/the-70s-a-clear-vision-of-the-needs-to-be-met\\\/\",\"name\":\"The 70s - A clear vision of the needs to be met - S.O.S. Grossesse Qu\u00e9bec\",\"isPartOf\":{\"@id\":\"https:\\\/\\\/www.sosgrossesse.ca\\\/en\\\/#website\"},\"datePublished\":\"2024-03-22T15:21:11+00:00\",\"dateModified\":\"2025-04-08T19:26:33+00:00\",\"breadcrumb\":{\"@id\":\"https:\\\/\\\/www.sosgrossesse.ca\\\/en\\\/about-us\\\/the-70s-a-clear-vision-of-the-needs-to-be-met\\\/#breadcrumb\"},\"inLanguage\":\"en-US\",\"potentialAction\":[{\"@type\":\"ReadAction\",\"target\":[\"https:\\\/\\\/www.sosgrossesse.ca\\\/en\\\/about-us\\\/the-70s-a-clear-vision-of-the-needs-to-be-met\\\/\"]}]},{\"@type\":\"BreadcrumbList\",\"@id\":\"https:\\\/\\\/www.sosgrossesse.ca\\\/en\\\/about-us\\\/the-70s-a-clear-vision-of-the-needs-to-be-met\\\/#breadcrumb\",\"itemListElement\":[{\"@type\":\"ListItem\",\"position\":1,\"name\":\"Accueil\",\"item\":\"https:\\\/\\\/www.sosgrossesse.ca\\\/en\\\/\"},{\"@type\":\"ListItem\",\"position\":2,\"name\":\"About us\",\"item\":\"https:\\\/\\\/www.sosgrossesse.ca\\\/en\\\/about-us\\\/\"},{\"@type\":\"ListItem\",\"position\":3,\"name\":\"The 70s &#8211; A clear vision of the needs to be met\"}]},{\"@type\":\"WebSite\",\"@id\":\"https:\\\/\\\/www.sosgrossesse.ca\\\/en\\\/#website\",\"url\":\"https:\\\/\\\/www.sosgrossesse.ca\\\/en\\\/\",\"name\":\"S.O.S. Grossesse Qu\u00e9bec\",\"description\":\"S.O.S. Grossesse Qu\u00e9bec\",\"publisher\":{\"@id\":\"https:\\\/\\\/www.sosgrossesse.ca\\\/en\\\/#organization\"},\"potentialAction\":[{\"@type\":\"SearchAction\",\"target\":{\"@type\":\"EntryPoint\",\"urlTemplate\":\"https:\\\/\\\/www.sosgrossesse.ca\\\/en\\\/?s={search_term_string}\"},\"query-input\":{\"@type\":\"PropertyValueSpecification\",\"valueRequired\":true,\"valueName\":\"search_term_string\"}}],\"inLanguage\":\"en-US\"},{\"@type\":\"Organization\",\"@id\":\"https:\\\/\\\/www.sosgrossesse.ca\\\/en\\\/#organization\",\"name\":\"S.O.S. Grossesse Qu\u00e9bec\",\"url\":\"https:\\\/\\\/www.sosgrossesse.ca\\\/en\\\/\",\"logo\":{\"@type\":\"ImageObject\",\"inLanguage\":\"en-US\",\"@id\":\"https:\\\/\\\/www.sosgrossesse.ca\\\/en\\\/#\\\/schema\\\/logo\\\/image\\\/\",\"url\":\"https:\\\/\\\/www.sosgrossesse.ca\\\/wp-content\\\/uploads\\\/2025\\\/06\\\/cropped-web-app-manifest-512x512-1.png\",\"contentUrl\":\"https:\\\/\\\/www.sosgrossesse.ca\\\/wp-content\\\/uploads\\\/2025\\\/06\\\/cropped-web-app-manifest-512x512-1.png\",\"width\":512,\"height\":512,\"caption\":\"S.O.S. Grossesse Qu\u00e9bec\"},\"image\":{\"@id\":\"https:\\\/\\\/www.sosgrossesse.ca\\\/en\\\/#\\\/schema\\\/logo\\\/image\\\/\"}}]}<\/script>\n<!-- \/ Yoast SEO plugin. -->","yoast_head_json":{"title":"The 70s - A clear vision of the needs to be met - S.O.S. Grossesse Qu\u00e9bec","robots":{"index":"index","follow":"follow","max-snippet":"max-snippet:-1","max-image-preview":"max-image-preview:large","max-video-preview":"max-video-preview:-1"},"canonical":"https:\/\/www.sosgrossesse.ca\/en\/about-us\/the-70s-a-clear-vision-of-the-needs-to-be-met\/","og_locale":"en_US","og_type":"article","og_title":"The 70s - A clear vision of the needs to be met - S.O.S. Grossesse Qu\u00e9bec","og_description":"S.O.S. Grossesse was founded in 1974 by women in the community who wanted to make up for the lack of services for women experiencing a pregnancy, whether planned or unplanned. In March 1974, thirty-six women and one man were recruited from an intensive training course. Fourteen people start listening on the following June 25. For [&hellip;]","og_url":"https:\/\/www.sosgrossesse.ca\/en\/about-us\/the-70s-a-clear-vision-of-the-needs-to-be-met\/","og_site_name":"S.O.S. Grossesse Qu\u00e9bec","article_modified_time":"2025-04-08T19:26:33+00:00","twitter_card":"summary_large_image","twitter_misc":{"Est. reading time":"3 minutes"},"schema":{"@context":"https:\/\/schema.org","@graph":[{"@type":"WebPage","@id":"https:\/\/www.sosgrossesse.ca\/en\/about-us\/the-70s-a-clear-vision-of-the-needs-to-be-met\/","url":"https:\/\/www.sosgrossesse.ca\/en\/about-us\/the-70s-a-clear-vision-of-the-needs-to-be-met\/","name":"The 70s - A clear vision of the needs to be met - S.O.S. Grossesse Qu\u00e9bec","isPartOf":{"@id":"https:\/\/www.sosgrossesse.ca\/en\/#website"},"datePublished":"2024-03-22T15:21:11+00:00","dateModified":"2025-04-08T19:26:33+00:00","breadcrumb":{"@id":"https:\/\/www.sosgrossesse.ca\/en\/about-us\/the-70s-a-clear-vision-of-the-needs-to-be-met\/#breadcrumb"},"inLanguage":"en-US","potentialAction":[{"@type":"ReadAction","target":["https:\/\/www.sosgrossesse.ca\/en\/about-us\/the-70s-a-clear-vision-of-the-needs-to-be-met\/"]}]},{"@type":"BreadcrumbList","@id":"https:\/\/www.sosgrossesse.ca\/en\/about-us\/the-70s-a-clear-vision-of-the-needs-to-be-met\/#breadcrumb","itemListElement":[{"@type":"ListItem","position":1,"name":"Accueil","item":"https:\/\/www.sosgrossesse.ca\/en\/"},{"@type":"ListItem","position":2,"name":"About us","item":"https:\/\/www.sosgrossesse.ca\/en\/about-us\/"},{"@type":"ListItem","position":3,"name":"The 70s &#8211; A clear vision of the needs to be met"}]},{"@type":"WebSite","@id":"https:\/\/www.sosgrossesse.ca\/en\/#website","url":"https:\/\/www.sosgrossesse.ca\/en\/","name":"S.O.S. Grossesse Qu\u00e9bec","description":"S.O.S. Grossesse Qu\u00e9bec","publisher":{"@id":"https:\/\/www.sosgrossesse.ca\/en\/#organization"},"potentialAction":[{"@type":"SearchAction","target":{"@type":"EntryPoint","urlTemplate":"https:\/\/www.sosgrossesse.ca\/en\/?s={search_term_string}"},"query-input":{"@type":"PropertyValueSpecification","valueRequired":true,"valueName":"search_term_string"}}],"inLanguage":"en-US"},{"@type":"Organization","@id":"https:\/\/www.sosgrossesse.ca\/en\/#organization","name":"S.O.S. Grossesse Qu\u00e9bec","url":"https:\/\/www.sosgrossesse.ca\/en\/","logo":{"@type":"ImageObject","inLanguage":"en-US","@id":"https:\/\/www.sosgrossesse.ca\/en\/#\/schema\/logo\/image\/","url":"https:\/\/www.sosgrossesse.ca\/wp-content\/uploads\/2025\/06\/cropped-web-app-manifest-512x512-1.png","contentUrl":"https:\/\/www.sosgrossesse.ca\/wp-content\/uploads\/2025\/06\/cropped-web-app-manifest-512x512-1.png","width":512,"height":512,"caption":"S.O.S. Grossesse Qu\u00e9bec"},"image":{"@id":"https:\/\/www.sosgrossesse.ca\/en\/#\/schema\/logo\/image\/"}}]}},"jetpack_sharing_enabled":true,"_links":{"self":[{"href":"https:\/\/www.sosgrossesse.ca\/en\/wp-json\/wp\/v2\/pages\/2046","targetHints":{"allow":["GET"]}}],"collection":[{"href":"https:\/\/www.sosgrossesse.ca\/en\/wp-json\/wp\/v2\/pages"}],"about":[{"href":"https:\/\/www.sosgrossesse.ca\/en\/wp-json\/wp\/v2\/types\/page"}],"author":[{"embeddable":true,"href":"https:\/\/www.sosgrossesse.ca\/en\/wp-json\/wp\/v2\/users\/1"}],"replies":[{"embeddable":true,"href":"https:\/\/www.sosgrossesse.ca\/en\/wp-json\/wp\/v2\/comments?post=2046"}],"version-history":[{"count":1,"href":"https:\/\/www.sosgrossesse.ca\/en\/wp-json\/wp\/v2\/pages\/2046\/revisions"}],"predecessor-version":[{"id":2047,"href":"https:\/\/www.sosgrossesse.ca\/en\/wp-json\/wp\/v2\/pages\/2046\/revisions\/2047"}],"up":[{"embeddable":true,"href":"https:\/\/www.sosgrossesse.ca\/en\/wp-json\/wp\/v2\/pages\/2041"}],"wp:attachment":[{"href":"https:\/\/www.sosgrossesse.ca\/en\/wp-json\/wp\/v2\/media?parent=2046"}],"curies":[{"name":"wp","href":"https:\/\/api.w.org\/{rel}","templated":true}]}}