{"id":2083,"date":"2024-06-12T16:08:25","date_gmt":"2024-06-12T20:08:25","guid":{"rendered":"https:\/\/www.sosgrossesse.ca\/whether-or-not-to-continue-the-pregnancy\/interruption-of-pregnancy-ig\/"},"modified":"2025-04-09T09:06:22","modified_gmt":"2025-04-09T13:06:22","slug":"interruption-of-pregnancy-ig","status":"publish","type":"page","link":"https:\/\/www.sosgrossesse.ca\/en\/whether-or-not-to-continue-the-pregnancy\/interruption-of-pregnancy-ig\/","title":{"rendered":"Interruption of pregnancy (IG)"},"content":{"rendered":"\n<div class=\"wp-block-columns col-direction-mobile is-layout-flex wp-container-core-columns-is-layout-9d6595d7 wp-block-columns-is-layout-flex\">\n<div class=\"wp-block-column col-direction-mobile-order-2 is-layout-flow wp-block-column-is-layout-flow\" style=\"flex-basis:66.66%\">\n<p>Since 1988, abortion has been decriminalized in Canada and protected by the Charter of Rights and Freedoms. In Quebec, it is offered by the public health network in hospitals, CLSCs, private clinics and community organizations. Legally, abortion is possible at any stage of pregnancy. There are two methods of termination of pregnancy (GI), also known as abortion: the <strong>medication-assisted method <\/strong>and the surgical <strong>method<\/strong>.     <\/p>\n\n\n\n<p><strong>Medication abortion<\/strong><\/p>\n\n\n\n<p>To terminate a pregnancy by medication, the person must consult an\u2027e accredited\u2027le professional\u2027e (doctors, IPS, midwife) to obtain Mif\u00e9gymiso, a combination of two drugs. Mifepristone is taken first to stop the development of the pregnancy, followed by Misoprostol 24 to 48 hours later, causing cramping and bleeding to evacuate the uterus. This method is available up to 9 weeks of pregnancy.  <\/p>\n\n\n\n<p><strong>Interruption of pregnancy by instruments<\/strong><\/p>\n\n\n\n<p>Instrumental GI is performed in the clinic under local anaesthetic, without cutting or stitching, and is followed by an hour&#8217;s rest. It is generally performed by dilatation-aspiration-curettage from the 5th week of pregnancy. <\/p>\n\n\n\n<p>For 3rd-trimester pregnancies, since 2020, people are no longer transferred to the U.S. for 3rd-trimester termination. Pregnancy termination is available in Quebec, regardless of the number of weeks of pregnancy. Termination of pregnancy is <span style=\"text-decoration: underline;\">free of charge<\/span> for those with RAMQ or private insurance coverage.    <\/p>\n\n\n\n<p><\/p>\n\n\n\n<div class=\"wp-block-columns is-layout-flex wp-container-core-columns-is-layout-9d6595d7 wp-block-columns-is-layout-flex\">\n<div class=\"wp-block-column green-notice is-layout-flow wp-block-column-is-layout-flow\">\n<p><strong>Do you need help to terminate a pregnancy?  <\/strong><\/p>\n\n\n\n<a href=\"https:\/\/www.sosgrossesse.ca\/en\/contact-us\/\" class=\"button button--primary button--small sm-margin-bottom-70\">Contact us!<\/a>\n\n\n\n<p><strong>How can I help my partner or how can I help a\u2027e loved one<\/strong>?<\/p>\n\n\n\n<p>Go to <a href=\"https:\/\/www.sosgrossesse.ca\/en\/helping-a%e2%80%a7e-loved-one\/\">Helping a\u2027e loved one<\/a> or<a href=\"https:\/\/www.sosgrossesse.ca\/en\/it-concerns-partners\/\"> It&#8217;s about partners<\/a> for action leads.<\/p>\n\n\n\n<p><strong>How do I make an appointment for a termination?  <\/strong><\/p>\n\n\n\n<p>Visit the<a href=\"https:\/\/fqpn.qc.ca\/trouver-de-laide\/\" target=\"_blank\" rel=\"noreferrer noopener\"> FQPN interactive map <\/a>to find the clinic nearest you.<\/p>\n<\/div>\n<\/div>\n<\/div>\n\n\n\n<div class=\"wp-block-column col-direction-mobile-order-1 is-layout-flow wp-block-column-is-layout-flow\" style=\"flex-basis:33.33%\"><nav class=\"is-responsive wp-block-navigation is-layout-flex wp-block-navigation-is-layout-flex\" aria-label=\"Navigation 3\" \n\t\t data-wp-interactive=\"core\/navigation\" data-wp-context='{\"overlayOpenedBy\":{\"click\":false,\"hover\":false,\"focus\":false},\"type\":\"overlay\",\"roleAttribute\":\"\",\"ariaLabel\":\"Menu\"}'><button aria-haspopup=\"dialog\" aria-label=\"Open menu\" class=\"wp-block-navigation__responsive-container-open\" \n\t\t\t\tdata-wp-on-async--click=\"actions.openMenuOnClick\"\n\t\t\t\tdata-wp-on--keydown=\"actions.handleMenuKeydown\"\n\t\t\t><svg width=\"24\" height=\"24\" xmlns=\"http:\/\/www.w3.org\/2000\/svg\" viewBox=\"0 0 24 24\" aria-hidden=\"true\" focusable=\"false\"><rect x=\"4\" y=\"7.5\" width=\"16\" height=\"1.5\" \/><rect x=\"4\" y=\"15\" width=\"16\" height=\"1.5\" \/><\/svg><\/button>\n\t\t\t\t<div class=\"wp-block-navigation__responsive-container\"  id=\"modal-1\" \n\t\t\t\tdata-wp-class--has-modal-open=\"state.isMenuOpen\"\n\t\t\t\tdata-wp-class--is-menu-open=\"state.isMenuOpen\"\n\t\t\t\tdata-wp-watch=\"callbacks.initMenu\"\n\t\t\t\tdata-wp-on--keydown=\"actions.handleMenuKeydown\"\n\t\t\t\tdata-wp-on-async--focusout=\"actions.handleMenuFocusout\"\n\t\t\t\ttabindex=\"-1\"\n\t\t\t>\n\t\t\t\t\t<div class=\"wp-block-navigation__responsive-close\" tabindex=\"-1\">\n\t\t\t\t\t\t<div class=\"wp-block-navigation__responsive-dialog\" \n\t\t\t\tdata-wp-bind--aria-modal=\"state.ariaModal\"\n\t\t\t\tdata-wp-bind--aria-label=\"state.ariaLabel\"\n\t\t\t\tdata-wp-bind--role=\"state.roleAttribute\"\n\t\t\t>\n\t\t\t\t\t\t\t<button aria-label=\"Close menu\" class=\"wp-block-navigation__responsive-container-close\" \n\t\t\t\tdata-wp-on-async--click=\"actions.closeMenuOnClick\"\n\t\t\t><svg xmlns=\"http:\/\/www.w3.org\/2000\/svg\" viewBox=\"0 0 24 24\" width=\"24\" height=\"24\" aria-hidden=\"true\" focusable=\"false\"><path d=\"m13.06 12 6.47-6.47-1.06-1.06L12 10.94 5.53 4.47 4.47 5.53 10.94 12l-6.47 6.47 1.06 1.06L12 13.06l6.47 6.47 1.06-1.06L13.06 12Z\"><\/path><\/svg><\/button>\n\t\t\t\t\t\t\t<div class=\"wp-block-navigation__responsive-container-content\" \n\t\t\t\tdata-wp-watch=\"callbacks.focusFirstElement\"\n\t\t\t id=\"modal-1-content\">\n\t\t\t\t\t\t\t\t<ul class=\"wp-block-navigation__container is-responsive wp-block-navigation\"><li class=\" wp-block-navigation-item wp-block-navigation-link\"><a class=\"wp-block-navigation-item__content\"  href=\"https:\/\/www.sosgrossesse.ca\/en\/whether-or-not-to-continue-the-pregnancy\/\"><span class=\"wp-block-navigation-item__label\">Whether or not to continue the pregnancy<\/span><\/a><\/li><li class=\" wp-block-navigation-item wp-block-navigation-link\"><a class=\"wp-block-navigation-item__content\"  href=\"https:\/\/www.sosgrossesse.ca\/en\/whether-or-not-to-continue-the-pregnancy\/continuation-of-pregnancy\/\"><span class=\"wp-block-navigation-item__label\">Continuation of pregnancy<\/span><\/a><\/li><li class=\" wp-block-navigation-item wp-block-navigation-link\"><a class=\"wp-block-navigation-item__content\"  href=\"https:\/\/www.sosgrossesse.ca\/en\/whether-or-not-to-continue-the-pregnancy\/interruption-of-pregnancy-ig\/\"><span class=\"wp-block-navigation-item__label\">Interruption of pregnancy (IG)<\/span><\/a><\/li><li class=\" wp-block-navigation-item wp-block-navigation-link\"><a class=\"wp-block-navigation-item__content\"  href=\"https:\/\/www.sosgrossesse.ca\/en\/whether-or-not-to-continue-the-pregnancy\/adoption\/\"><span class=\"wp-block-navigation-item__label\">Adoption<\/span><\/a><\/li><li class=\" wp-block-navigation-item wp-block-navigation-link\"><a class=\"wp-block-navigation-item__content\"  href=\"https:\/\/www.sosgrossesse.ca\/poursuivre-ou-non-la-grossesse\/poursuite-de-la-grossesse\/outils-daide-a-la-decision\/\"><span class=\"wp-block-navigation-item__label\">Decision-making tools<\/span><\/a><\/li><\/ul>\n\t\t\t\t\t\t\t<\/div>\n\t\t\t\t\t\t<\/div>\n\t\t\t\t\t<\/div>\n\t\t\t\t<\/div><\/nav>\n\n\n<div class=\"wp-block-columns is-layout-flex wp-container-core-columns-is-layout-9d6595d7 wp-block-columns-is-layout-flex\">\n<div class=\"wp-block-column is-layout-flow wp-block-column-is-layout-flow\">\n<p><\/p>\n\n\n\n<p><\/p>\n\n\n\n<p><\/p>\n\n\n\n<p><\/p>\n\n\n\n<h3 class=\"wp-block-heading\"><strong>Find out more<\/strong><\/h3>\n\n\n\n<hr class=\"wp-block-separator has-alpha-channel-opacity hr--wave\"\/>\n<\/div>\n<\/div>\n\n\n\n<blockquote class=\"wp-block-quote is-layout-flow wp-block-quote-is-layout-flow\">\n<ul class=\"wp-block-list\">\n<li><strong><a href=\"https:\/\/drive.google.com\/file\/d\/1c39LOREFGldUsorADxUXxqEl39QKw0HY\/view?usp=sharing\" target=\"_blank\" rel=\"noreferrer noopener\">Bursts of information on termination of pregnancy<\/a><\/strong><\/li>\n\n\n\n<li><strong><a href=\"https:\/\/drive.google.com\/file\/d\/1bPMlBCZ67AsOw47EeFK9fVB1NwNGmNua\/view?usp=sharing\" target=\"_blank\" rel=\"noreferrer noopener\">Comparative table of the two methods in PDF<\/a><\/strong><\/li>\n\n\n\n<li><a href=\"https:\/\/www.taraison.ca\/\">Ta raison, c&#8217;est la bonne! information campaign<\/a><\/li>\n\n\n\n<li><a href=\"https:\/\/fqpn.qc.ca\/article\/grossesse-non-planifiee\/#avortement\">F\u00e9d\u00e9ration qu\u00e9b\u00e9coise pour le planning des naissances (FQPN)<\/a><\/li>\n\n\n\n<li><a href=\"https:\/\/educaloi.qc.ca\/capsules\/avortement\/\">\u00c9ducaloi<\/a><\/li>\n\n\n\n<li><a href=\"https:\/\/www.arcc-cdac.ca\/publications\/?lang=fr\" target=\"_blank\" rel=\"noreferrer noopener\">List of anti-choice groups in Canada  <\/a><\/li>\n\n\n\n<li><a href=\"https:\/\/www.cnesst.gouv.qc.ca\/fr\/conditions-travail\/conges\/situations-particulieres\/conge-dans-cas-dune-interruption-grossesse\" target=\"_blank\" rel=\"noreferrer noopener\">Leave in the event of termination of pregnancy<\/a><\/li>\n<\/ul>\n<\/blockquote>\n<\/div>\n<\/div>\n\n<blockquote class=\"wp-block-quote is-layout-flow wp-block-quote-is-layout-flow\">\n<p><\/p>\n\n\n\n<p><em><sup>\u00c9ducaloi. (s. d.). Abortion. \u00c9ducaloi.  <a href=\"https:\/\/educaloi.qc.ca\/capsules\/avortement\/\">https:\/\/educaloi.qc.ca\/capsules\/avortement\/<\/a><\/sup><\/em><\/p>\n\n\n\n<p><em><sup>Quebec Planned Parenthood Federation. (s. d.). Unplanned pregnancy. FQPN.  <a href=\"https:\/\/fqpn.qc.ca\/article\/grossesse-non-planifiee\/#avortement\">https:\/\/fqpn.qc.ca\/article\/grossesse-non-planifiee\/#avortement<\/a><\/sup><\/em><\/p>\n<\/blockquote>\n\n<p><\/p>\n","protected":false},"excerpt":{"rendered":"<p>Since 1988, abortion has been decriminalized in Canada and protected by the Charter of Rights and Freedoms. In Quebec, it is offered by the public health network in hospitals, CLSCs, private clinics and community organizations. Legally, abortion is possible at any stage of pregnancy. There are two methods of termination of pregnancy (GI), also known [&hellip;]<\/p>\n","protected":false},"author":1,"featured_media":0,"parent":2079,"menu_order":0,"comment_status":"closed","ping_status":"closed","template":"page-generic.php","meta":{"_acf_changed":false,"inline_featured_image":false,"footnotes":""},"class_list":["post-2083","page","type-page","status-publish","hentry"],"acf":[],"featured_image_src":null,"yoast_head":"<!-- This site is optimized with the Yoast SEO plugin v27.2 - https:\/\/yoast.com\/product\/yoast-seo-wordpress\/ -->\n<title>Interruption of pregnancy (IG) - S.O.S. Grossesse Qu\u00e9bec<\/title>\n<meta name=\"robots\" content=\"index, follow, max-snippet:-1, max-image-preview:large, max-video-preview:-1\" \/>\n<link rel=\"canonical\" href=\"https:\/\/www.sosgrossesse.ca\/en\/whether-or-not-to-continue-the-pregnancy\/interruption-of-pregnancy-ig\/\" \/>\n<meta property=\"og:locale\" content=\"en_US\" \/>\n<meta property=\"og:type\" content=\"article\" \/>\n<meta property=\"og:title\" content=\"Interruption of pregnancy (IG) - S.O.S. Grossesse Qu\u00e9bec\" \/>\n<meta property=\"og:description\" content=\"Since 1988, abortion has been decriminalized in Canada and protected by the Charter of Rights and Freedoms. In Quebec, it is offered by the public health network in hospitals, CLSCs, private clinics and community organizations. Legally, abortion is possible at any stage of pregnancy. There are two methods of termination of pregnancy (GI), also known [&hellip;]\" \/>\n<meta property=\"og:url\" content=\"https:\/\/www.sosgrossesse.ca\/en\/whether-or-not-to-continue-the-pregnancy\/interruption-of-pregnancy-ig\/\" \/>\n<meta property=\"og:site_name\" content=\"S.O.S. Grossesse Qu\u00e9bec\" \/>\n<meta property=\"article:modified_time\" content=\"2025-04-09T13:06:22+00:00\" \/>\n<meta name=\"twitter:card\" content=\"summary_large_image\" \/>\n<meta name=\"twitter:label1\" content=\"Est. reading time\" \/>\n\t<meta name=\"twitter:data1\" content=\"2 minutes\" \/>\n<script type=\"application\/ld+json\" class=\"yoast-schema-graph\">{\"@context\":\"https:\/\/schema.org\",\"@graph\":[{\"@type\":\"WebPage\",\"@id\":\"https:\/\/www.sosgrossesse.ca\/en\/whether-or-not-to-continue-the-pregnancy\/interruption-of-pregnancy-ig\/\",\"url\":\"https:\/\/www.sosgrossesse.ca\/en\/whether-or-not-to-continue-the-pregnancy\/interruption-of-pregnancy-ig\/\",\"name\":\"Interruption of pregnancy (IG) - S.O.S. Grossesse Qu\u00e9bec\",\"isPartOf\":{\"@id\":\"https:\/\/www.sosgrossesse.ca\/en\/#website\"},\"datePublished\":\"2024-06-12T20:08:25+00:00\",\"dateModified\":\"2025-04-09T13:06:22+00:00\",\"breadcrumb\":{\"@id\":\"https:\/\/www.sosgrossesse.ca\/en\/whether-or-not-to-continue-the-pregnancy\/interruption-of-pregnancy-ig\/#breadcrumb\"},\"inLanguage\":\"en-US\",\"potentialAction\":[{\"@type\":\"ReadAction\",\"target\":[\"https:\/\/www.sosgrossesse.ca\/en\/whether-or-not-to-continue-the-pregnancy\/interruption-of-pregnancy-ig\/\"]}]},{\"@type\":\"BreadcrumbList\",\"@id\":\"https:\/\/www.sosgrossesse.ca\/en\/whether-or-not-to-continue-the-pregnancy\/interruption-of-pregnancy-ig\/#breadcrumb\",\"itemListElement\":[{\"@type\":\"ListItem\",\"position\":1,\"name\":\"Accueil\",\"item\":\"https:\/\/www.sosgrossesse.ca\/en\/\"},{\"@type\":\"ListItem\",\"position\":2,\"name\":\"Whether or not to continue the pregnancy\",\"item\":\"https:\/\/www.sosgrossesse.ca\/en\/whether-or-not-to-continue-the-pregnancy\/\"},{\"@type\":\"ListItem\",\"position\":3,\"name\":\"Interruption of pregnancy (IG)\"}]},{\"@type\":\"WebSite\",\"@id\":\"https:\/\/www.sosgrossesse.ca\/en\/#website\",\"url\":\"https:\/\/www.sosgrossesse.ca\/en\/\",\"name\":\"S.O.S. Grossesse Qu\u00e9bec\",\"description\":\"S.O.S. Grossesse Qu\u00e9bec\",\"publisher\":{\"@id\":\"https:\/\/www.sosgrossesse.ca\/en\/#organization\"},\"potentialAction\":[{\"@type\":\"SearchAction\",\"target\":{\"@type\":\"EntryPoint\",\"urlTemplate\":\"https:\/\/www.sosgrossesse.ca\/en\/?s={search_term_string}\"},\"query-input\":{\"@type\":\"PropertyValueSpecification\",\"valueRequired\":true,\"valueName\":\"search_term_string\"}}],\"inLanguage\":\"en-US\"},{\"@type\":\"Organization\",\"@id\":\"https:\/\/www.sosgrossesse.ca\/en\/#organization\",\"name\":\"S.O.S. Grossesse Qu\u00e9bec\",\"url\":\"https:\/\/www.sosgrossesse.ca\/en\/\",\"logo\":{\"@type\":\"ImageObject\",\"inLanguage\":\"en-US\",\"@id\":\"https:\/\/www.sosgrossesse.ca\/en\/#\/schema\/logo\/image\/\",\"url\":\"https:\/\/www.sosgrossesse.ca\/wp-content\/uploads\/2025\/06\/cropped-web-app-manifest-512x512-1.png\",\"contentUrl\":\"https:\/\/www.sosgrossesse.ca\/wp-content\/uploads\/2025\/06\/cropped-web-app-manifest-512x512-1.png\",\"width\":512,\"height\":512,\"caption\":\"S.O.S. Grossesse Qu\u00e9bec\"},\"image\":{\"@id\":\"https:\/\/www.sosgrossesse.ca\/en\/#\/schema\/logo\/image\/\"}}]}<\/script>\n<!-- \/ Yoast SEO plugin. -->","yoast_head_json":{"title":"Interruption of pregnancy (IG) - S.O.S. Grossesse Qu\u00e9bec","robots":{"index":"index","follow":"follow","max-snippet":"max-snippet:-1","max-image-preview":"max-image-preview:large","max-video-preview":"max-video-preview:-1"},"canonical":"https:\/\/www.sosgrossesse.ca\/en\/whether-or-not-to-continue-the-pregnancy\/interruption-of-pregnancy-ig\/","og_locale":"en_US","og_type":"article","og_title":"Interruption of pregnancy (IG) - S.O.S. Grossesse Qu\u00e9bec","og_description":"Since 1988, abortion has been decriminalized in Canada and protected by the Charter of Rights and Freedoms. In Quebec, it is offered by the public health network in hospitals, CLSCs, private clinics and community organizations. Legally, abortion is possible at any stage of pregnancy. There are two methods of termination of pregnancy (GI), also known [&hellip;]","og_url":"https:\/\/www.sosgrossesse.ca\/en\/whether-or-not-to-continue-the-pregnancy\/interruption-of-pregnancy-ig\/","og_site_name":"S.O.S. Grossesse Qu\u00e9bec","article_modified_time":"2025-04-09T13:06:22+00:00","twitter_card":"summary_large_image","twitter_misc":{"Est. reading time":"2 minutes"},"schema":{"@context":"https:\/\/schema.org","@graph":[{"@type":"WebPage","@id":"https:\/\/www.sosgrossesse.ca\/en\/whether-or-not-to-continue-the-pregnancy\/interruption-of-pregnancy-ig\/","url":"https:\/\/www.sosgrossesse.ca\/en\/whether-or-not-to-continue-the-pregnancy\/interruption-of-pregnancy-ig\/","name":"Interruption of pregnancy (IG) - S.O.S. Grossesse Qu\u00e9bec","isPartOf":{"@id":"https:\/\/www.sosgrossesse.ca\/en\/#website"},"datePublished":"2024-06-12T20:08:25+00:00","dateModified":"2025-04-09T13:06:22+00:00","breadcrumb":{"@id":"https:\/\/www.sosgrossesse.ca\/en\/whether-or-not-to-continue-the-pregnancy\/interruption-of-pregnancy-ig\/#breadcrumb"},"inLanguage":"en-US","potentialAction":[{"@type":"ReadAction","target":["https:\/\/www.sosgrossesse.ca\/en\/whether-or-not-to-continue-the-pregnancy\/interruption-of-pregnancy-ig\/"]}]},{"@type":"BreadcrumbList","@id":"https:\/\/www.sosgrossesse.ca\/en\/whether-or-not-to-continue-the-pregnancy\/interruption-of-pregnancy-ig\/#breadcrumb","itemListElement":[{"@type":"ListItem","position":1,"name":"Accueil","item":"https:\/\/www.sosgrossesse.ca\/en\/"},{"@type":"ListItem","position":2,"name":"Whether or not to continue the pregnancy","item":"https:\/\/www.sosgrossesse.ca\/en\/whether-or-not-to-continue-the-pregnancy\/"},{"@type":"ListItem","position":3,"name":"Interruption of pregnancy (IG)"}]},{"@type":"WebSite","@id":"https:\/\/www.sosgrossesse.ca\/en\/#website","url":"https:\/\/www.sosgrossesse.ca\/en\/","name":"S.O.S. Grossesse Qu\u00e9bec","description":"S.O.S. Grossesse Qu\u00e9bec","publisher":{"@id":"https:\/\/www.sosgrossesse.ca\/en\/#organization"},"potentialAction":[{"@type":"SearchAction","target":{"@type":"EntryPoint","urlTemplate":"https:\/\/www.sosgrossesse.ca\/en\/?s={search_term_string}"},"query-input":{"@type":"PropertyValueSpecification","valueRequired":true,"valueName":"search_term_string"}}],"inLanguage":"en-US"},{"@type":"Organization","@id":"https:\/\/www.sosgrossesse.ca\/en\/#organization","name":"S.O.S. Grossesse Qu\u00e9bec","url":"https:\/\/www.sosgrossesse.ca\/en\/","logo":{"@type":"ImageObject","inLanguage":"en-US","@id":"https:\/\/www.sosgrossesse.ca\/en\/#\/schema\/logo\/image\/","url":"https:\/\/www.sosgrossesse.ca\/wp-content\/uploads\/2025\/06\/cropped-web-app-manifest-512x512-1.png","contentUrl":"https:\/\/www.sosgrossesse.ca\/wp-content\/uploads\/2025\/06\/cropped-web-app-manifest-512x512-1.png","width":512,"height":512,"caption":"S.O.S. Grossesse Qu\u00e9bec"},"image":{"@id":"https:\/\/www.sosgrossesse.ca\/en\/#\/schema\/logo\/image\/"}}]}},"_links":{"self":[{"href":"https:\/\/www.sosgrossesse.ca\/en\/wp-json\/wp\/v2\/pages\/2083","targetHints":{"allow":["GET"]}}],"collection":[{"href":"https:\/\/www.sosgrossesse.ca\/en\/wp-json\/wp\/v2\/pages"}],"about":[{"href":"https:\/\/www.sosgrossesse.ca\/en\/wp-json\/wp\/v2\/types\/page"}],"author":[{"embeddable":true,"href":"https:\/\/www.sosgrossesse.ca\/en\/wp-json\/wp\/v2\/users\/1"}],"replies":[{"embeddable":true,"href":"https:\/\/www.sosgrossesse.ca\/en\/wp-json\/wp\/v2\/comments?post=2083"}],"version-history":[{"count":1,"href":"https:\/\/www.sosgrossesse.ca\/en\/wp-json\/wp\/v2\/pages\/2083\/revisions"}],"predecessor-version":[{"id":2084,"href":"https:\/\/www.sosgrossesse.ca\/en\/wp-json\/wp\/v2\/pages\/2083\/revisions\/2084"}],"up":[{"embeddable":true,"href":"https:\/\/www.sosgrossesse.ca\/en\/wp-json\/wp\/v2\/pages\/2079"}],"wp:attachment":[{"href":"https:\/\/www.sosgrossesse.ca\/en\/wp-json\/wp\/v2\/media?parent=2083"}],"curies":[{"name":"wp","href":"https:\/\/api.w.org\/{rel}","templated":true}]}}